{"id":5889,"date":"2021-04-18T10:41:57","date_gmt":"2021-04-18T10:41:57","guid":{"rendered":"https:\/\/www.novaretail.it\/privacy-policy\/"},"modified":"2021-09-20T16:54:02","modified_gmt":"2021-09-20T16:54:02","slug":"privacy-policy","status":"publish","type":"page","link":"https:\/\/www.novaretail.it\/en\/privacy-policy\/","title":{"rendered":"Privacy Policy"},"content":{"rendered":"\t\t<div data-elementor-type=\"wp-page\" data-elementor-id=\"5889\" class=\"elementor elementor-5889 elementor-5\" data-elementor-post-type=\"page\">\n\t\t\t\t\t\t<section class=\"elementor-section elementor-top-section elementor-element elementor-element-60a82cb8 elementor-section-boxed elementor-section-height-default elementor-section-height-default\" data-id=\"60a82cb8\" data-element_type=\"section\">\n\t\t\t\t\t\t<div class=\"elementor-container elementor-column-gap-default\">\n\t\t\t\t\t<div class=\"elementor-column elementor-col-100 elementor-top-column elementor-element elementor-element-d0056d1\" data-id=\"d0056d1\" data-element_type=\"column\">\n\t\t\t<div class=\"elementor-widget-wrap elementor-element-populated\">\n\t\t\t\t\t\t<div class=\"elementor-element elementor-element-34a804c7 elementor-widget elementor-widget-text-editor\" data-id=\"34a804c7\" data-element_type=\"widget\" data-widget_type=\"text-editor.default\">\n\t\t\t\t<div class=\"elementor-widget-container\">\n\t\t\t\t\t\t\t\t\t\r\n<p><strong>A. CATEGORIE DI DATI: <\/strong>oggetto del trattamento possono essere i suoi dati personali quali:<\/p>\r\n\r\n\r\n\r\n<ol class=\"wp-block-list\">\r\n<li><strong>Dati raccolti in automatico<\/strong>. I sistemi informatici e gli applicativi dedicati al funzionamento di questo sito web rilevano, nel corso del loro normale funzionamento, alcuni dati (la cui trasmissione \u00e8 implicita nell\u2019uso dei protocolli di comunicazione di Internet) potenzialmente associati ad utenti identificabili. Tra i dati raccolti sono compresi gli indirizzi IP e i nomi di dominio dei computer utilizzati dagli utenti che si connettono al sito, gli indirizzi in notazione URI (Uniform Resource Identifier) delle risorse richieste, il metodo utilizzato nel sottoporre la richiesta al server, la dimensione del file ottenuto in risposta, il codice numerico indicante lo stato della risposta data dal server (buon fine, errore, ecc.) ed altri parametri riguardanti il sistema operativo, il browser e l\u2019ambiente informatico utilizzato dall\u2019utente, nome dell&#8217;internet service provider (ISP), data e orario di visita, pagina web di provenienza del visitatore (referral) e di uscita.<\/li>\r\n<li><strong>Dati forniti volontariamente dall\u2019utente<\/strong>. L\u2019invio volontario ed esplicito di posta elettronica agli indirizzi indicati nei differenti canali di accesso di questo sito non comporta richiesta di consenso e comporta l\u2019acquisizione dell\u2019indirizzo e dei dati del mittente, necessario per rispondere alle richieste, nonch\u00e9 degli eventuali altri dati personali inseriti nella missiva. Tali dati si intendono volontariamente forniti dall&#8217;utente al momento della richiesta di erogazione del servizio. Inserendo un commento o altra informazione l&#8217;utente accetta espressamente l&#8217;informativa privacy, e in particolare acconsente che i contenuti inseriti siano liberamente diffusi anche a terzi. Al contrario, specifiche informative di sintesi saranno riportate o visualizzate nelle pagine del sito predisposte per particolari servizi a richiesta (form). L\u2019utente dovr\u00e0 pertanto acconsentire esplicitamente all\u2019utilizzo dei dati riportati in questi form per poter inviare la richiesta.<\/li>\r\n<li><strong>Cookies<\/strong>. Il sito utilizza cookie. I dati raccolti grazie ai cookie possono servire per accedere a delle parti del sito o per fini statistici o per rendere l\u2019esperienza di navigazione pi\u00f9 piacevole e pi\u00f9 efficiente in futuro, cercando di valutare il comportamento degli utenti e di modificare la proposizione di offerta dei contenuti in funzione del loro comportamento. Per maggiori informazioni \u00e8 disponibile una apposita cookie policy.<\/li>\r\n<li><strong>Plug-in<\/strong>. Il sito incorpora anche plugin e\/o bottoni per i social network, al fine di consentire una facile condivisione dei contenuti sui vostri social network preferiti. Tali plug-in sono programmati in modo da non impostare alcun cookie all&#8217;accesso della pagina, per salvaguardare la privacy degli utenti. Eventualmente i cookie vengono impostati, se cos\u00ec previsto dai social network, solo quando l&#8217;utente fa effettivo e volontario uso del plug-in. Si tenga presente che se l&#8217;utente naviga essendo loggato nel social network allora ha gi\u00e0 acconsentito all&#8217;uso dei cookie veicolati tramite questo sito al momento dell&#8217;iscrizione al social network. La raccolta e l&#8217;uso delle informazioni ottenute a mezzo del plug-in sono regolati dalle rispettive informative privacy dei social network, alle quali si prega di fare riferimento.<\/li>\r\n<\/ol>\r\n\r\n\r\n\r\n<p><strong>B. TITOLARE DEL TRATTAMENTO: <\/strong>il titolare del trattamento \u00e8 <strong>Novavision Group S.p.a.<\/strong>, <strong>con sede legale in Viale di Porta Vercellina, 9 &#8211; 20123 Milano e con sede operativa in Via dei Guasti, 19\/29 &#8211; 20826 Misinto (MB), Partita IVA 02164550960, <\/strong>contattabile telefonicamente allo<strong> +39 02 96720240 <\/strong>o alla mail <a href=\"mailto:privacy@novavision.net\"><strong>privacy@novavision.net<\/strong><\/a><\/p>\r\n\r\n\r\n\r\n<p><strong>C. FONTE DEI DATI PERSONALI: <\/strong>i dati personali in possesso del Titolare sono raccolti direttamente presso l\u2019interessato.<\/p>\r\n\r\n\r\n\r\n<p><strong>D. FINALIT\u00c0 DI TRATTAMENTO DEI DATI E BASE GIURIDICA:<\/strong> il trattamento dei Suoi dati ha come finalit\u00e0 e base giuridica:<\/p>\r\n\r\n\r\n\r\n<ol class=\"wp-block-list\">\r\n<li>Per i dati raccolti in automatico, la base giuridica \u00e8 il legittimo interesse del titolare e la finalit\u00e0 \u00e8 garantire e migliorare l\u2019esperienza di navigazione web.<\/li>\r\n<li>Per i dati forniti volontariamente dall\u2019utente, la base giuridica \u00e8 il consenso e, per l\u2019invio di mail ai nostri indirizzi, la finalit\u00e0 \u00e8 poter inviare risposte alle richieste specifiche effettuate dall\u2019utente; per i form la finalit\u00e0 \u00e8 indicata nella specifica informativa.<\/li>\r\n<li>Per i cookies ed i plug-in: confronta la specifica cookies policy.<\/li>\r\n<\/ol>\r\n\r\n\r\n\r\n<p><strong>E. DESTINATARI DEI DATI: <\/strong>nei limiti pertinenti alle finalit\u00e0 di trattamento indicate, i Suoi dati potranno essere comunicati a partner, societ\u00e0 di consulenza, aziende private, fornitori di servizi tecnici terzi, hosting provider, societ\u00e0 informatiche, agenzie di comunicazione,\u2026<\/p>\r\n\r\n\r\n\r\n<p><strong>F. TRASFERIMENTO DEI DATI VERSO PAESI TERZI: <\/strong>il presente sito potrebbe condividere alcuni dei dati raccolti con servizi localizzati al di fuori dell&#8217;area dell&#8217;Unione Europea. In particolare tramite i social plug-in e il servizio di Google Analytics. Il trasferimento \u00e8 autorizzato e strettamente regolato dall&#8217;articolo 45, comma 1 del Regolamento UE 2016\/679, per cui non necessita di autorizzazioni specifiche.<\/p>\r\n\r\n\r\n\r\n<p><strong>G. PERIODO DI CONSERVAZIONE: <\/strong>in base al principio di limitazione della conservazione (art.5, GDPR), a verifica sulla obsolescenza dei dati conservati in relazione alle finalit\u00e0 per cui sono stati raccolti viene effettuata periodicamente. In particolare:<\/p>\r\n\r\n\r\n\r\n<ul class=\"wp-block-list\">\r\n<li>i dati raccolti in automatico vengono trattati, per il tempo strettamente necessario, al solo fine di ricavare informazioni statistiche sull\u2019uso del sito e per controllarne il regolare funzionamento, anche a fini di sicurezza o in base alle scadenze previste dalle norme di legge.<\/li>\r\n<li>i dati forniti volontariamente dall\u2019utente verranno conservati per un arco di tempo non superiore al conseguimento delle finalit\u00e0 per le quali sono trattati o in base alle scadenze previste dalle norme di legge.<\/li>\r\n<\/ul>\r\n\r\n\r\n\r\n<p><strong>H. DIRITTI DELL\u2019INTERESSATO:<\/strong> l\u2019interessato ha sempre diritto a richiedere al Titolare l\u2019accesso ai Suoi dati, la rettifica o la cancellazione degli stessi, la limitazione del trattamento o la possibilit\u00e0 di opporsi al trattamento, di richiedere la portabilit\u00e0 dei dati, di revocare il consenso al trattamento facendo valere questi e gli altri diritti previsti dal GDPR tramite semplice comunicazione al Titolare. L\u2018interessato pu\u00f2 proporre reclamo anche a un\u2019autorit\u00e0 di controllo.<\/p>\r\n\r\n\r\n\r\n<p><strong>I. OBBLIGATORIETA\u2019 O MENO DEL CONFERIMENTO: <\/strong>il conferimento dei suoi dati \u00e8 obbligatorio durante la navigazione del nostro sito web per quanto riguarda i punti D.1 e D.2 delle finalit\u00e0 sopracitate, per permettere la corretta erogazione del servizio. Il conferimento del consenso dei suoi dati per il punto D.3 \u00e8 invece facoltativo e non comprometter\u00e0 in alcun modo l\u2019erogazione del servizio.<\/p>\r\n\r\n\r\n\r\n<p><strong>J. MODALIT\u00c0 DI TRATTAMENTO DEI DATI: <\/strong>i dati personali da Lei forniti, formeranno oggetto di operazioni di trattamento nel rispetto della normativa sopracitata e degli obblighi di riservatezza cui \u00e8 ispirata l&#8217;attivit\u00e0 del Titolare. I dati verranno trattati sia con strumenti informatici sia su supporti cartacei sia su ogni altro tipo di supporto idoneo (es. sistemi in cloud, sistemi di archiviazione e conservazione sostitutiva digitale, \u2026), nel rispetto di adeguate misure tecniche ed organizzative di sicurezza previste dal GDPR.<\/p>\r\n\r\n\r\n\r\n<p><strong>K. NOTE FINALI E MODALIT\u00c0 DI AGGIORNAMENTO:<\/strong> l&#8217;informativa \u00e8 resa solo per il presente sito internet e non anche per altri siti web eventualmente consultati dall&#8217;utente tramite link contenuti nel presente sito. L&#8217;informativa pu\u00f2 subire modifiche a causa dell&#8217;introduzione di nuove norme al riguardo, si invita pertanto l&#8217;utente a controllare periodicamente la presente pagina per essere sempre aggiornati sulle ultime novit\u00e0 legislative. Le versioni recedenti della presente informativa potranno sempre essere richieste al Titolare del trattamento.<\/p>\r\n\t\t\t\t\t\t\t\t<\/div>\n\t\t\t\t<\/div>\n\t\t\t\t\t<\/div>\n\t\t<\/div>\n\t\t\t\t\t<\/div>\n\t\t<\/section>\n\t\t\t\t<\/div>\n\t\t","protected":false},"excerpt":{"rendered":"<p>A. CATEGORIE DI DATI: oggetto del trattamento possono essere i suoi dati personali quali: Dati raccolti in automatico. I sistemi informatici e gli applicativi dedicati al funzionamento di questo sito web rilevano, nel corso del loro normale funzionamento, alcuni dati (la cui trasmissione \u00e8 implicita nell\u2019uso dei protocolli di comunicazione di Internet) potenzialmente associati ad [&hellip;]<\/p>\n","protected":false},"author":1,"featured_media":0,"parent":0,"menu_order":43,"comment_status":"closed","ping_status":"closed","template":"","meta":{"footnotes":""},"class_list":["post-5889","page","type-page","status-publish","hentry"],"yoast_head":"<!-- This site is optimized with the Yoast SEO plugin v24.4 - https:\/\/yoast.com\/wordpress\/plugins\/seo\/ -->\n<title>Privacy Policy - Novaretail<\/title>\n<meta name=\"robots\" content=\"index, follow, max-snippet:-1, max-image-preview:large, max-video-preview:-1\" \/>\n<link rel=\"canonical\" href=\"https:\/\/www.novaretail.it\/en\/privacy-policy\/\" \/>\n<meta property=\"og:locale\" content=\"en_US\" \/>\n<meta property=\"og:type\" content=\"article\" \/>\n<meta property=\"og:title\" content=\"Privacy Policy - Novaretail\" \/>\n<meta property=\"og:description\" content=\"A. CATEGORIE DI DATI: oggetto del trattamento possono essere i suoi dati personali quali: Dati raccolti in automatico. I sistemi informatici e gli applicativi dedicati al funzionamento di questo sito web rilevano, nel corso del loro normale funzionamento, alcuni dati (la cui trasmissione \u00e8 implicita nell\u2019uso dei protocolli di comunicazione di Internet) potenzialmente associati ad [&hellip;]\" \/>\n<meta property=\"og:url\" content=\"https:\/\/www.novaretail.it\/en\/privacy-policy\/\" \/>\n<meta property=\"og:site_name\" content=\"Novaretail\" \/>\n<meta property=\"article:publisher\" content=\"https:\/\/www.facebook.com\/novaretailmakingfuture\" \/>\n<meta property=\"article:modified_time\" content=\"2021-09-20T16:54:02+00:00\" \/>\n<meta name=\"twitter:card\" content=\"summary_large_image\" \/>\n<meta name=\"twitter:label1\" content=\"Est. reading time\" \/>\n\t<meta name=\"twitter:data1\" content=\"5 minutes\" \/>\n<script type=\"application\/ld+json\" class=\"yoast-schema-graph\">{\"@context\":\"https:\/\/schema.org\",\"@graph\":[{\"@type\":\"WebPage\",\"@id\":\"https:\/\/www.novaretail.it\/en\/privacy-policy\/\",\"url\":\"https:\/\/www.novaretail.it\/en\/privacy-policy\/\",\"name\":\"Privacy Policy - Novaretail\",\"isPartOf\":{\"@id\":\"https:\/\/www.novaretail.it\/#website\"},\"datePublished\":\"2021-04-18T10:41:57+00:00\",\"dateModified\":\"2021-09-20T16:54:02+00:00\",\"breadcrumb\":{\"@id\":\"https:\/\/www.novaretail.it\/en\/privacy-policy\/#breadcrumb\"},\"inLanguage\":\"en-US\",\"potentialAction\":[{\"@type\":\"ReadAction\",\"target\":[\"https:\/\/www.novaretail.it\/en\/privacy-policy\/\"]}]},{\"@type\":\"BreadcrumbList\",\"@id\":\"https:\/\/www.novaretail.it\/en\/privacy-policy\/#breadcrumb\",\"itemListElement\":[{\"@type\":\"ListItem\",\"position\":1,\"name\":\"Home\",\"item\":\"https:\/\/www.novaretail.it\/\"},{\"@type\":\"ListItem\",\"position\":2,\"name\":\"Privacy Policy\"}]},{\"@type\":\"WebSite\",\"@id\":\"https:\/\/www.novaretail.it\/#website\",\"url\":\"https:\/\/www.novaretail.it\/\",\"name\":\"Novaretail\",\"description\":\"Spazi Integrati per progetti d\u2019avanguardia\",\"potentialAction\":[{\"@type\":\"SearchAction\",\"target\":{\"@type\":\"EntryPoint\",\"urlTemplate\":\"https:\/\/www.novaretail.it\/?s={search_term_string}\"},\"query-input\":{\"@type\":\"PropertyValueSpecification\",\"valueRequired\":true,\"valueName\":\"search_term_string\"}}],\"inLanguage\":\"en-US\"}]}<\/script>\n<!-- \/ Yoast SEO plugin. -->","yoast_head_json":{"title":"Privacy Policy - Novaretail","robots":{"index":"index","follow":"follow","max-snippet":"max-snippet:-1","max-image-preview":"max-image-preview:large","max-video-preview":"max-video-preview:-1"},"canonical":"https:\/\/www.novaretail.it\/en\/privacy-policy\/","og_locale":"en_US","og_type":"article","og_title":"Privacy Policy - Novaretail","og_description":"A. CATEGORIE DI DATI: oggetto del trattamento possono essere i suoi dati personali quali: Dati raccolti in automatico. I sistemi informatici e gli applicativi dedicati al funzionamento di questo sito web rilevano, nel corso del loro normale funzionamento, alcuni dati (la cui trasmissione \u00e8 implicita nell\u2019uso dei protocolli di comunicazione di Internet) potenzialmente associati ad [&hellip;]","og_url":"https:\/\/www.novaretail.it\/en\/privacy-policy\/","og_site_name":"Novaretail","article_publisher":"https:\/\/www.facebook.com\/novaretailmakingfuture","article_modified_time":"2021-09-20T16:54:02+00:00","twitter_card":"summary_large_image","twitter_misc":{"Est. reading time":"5 minutes"},"schema":{"@context":"https:\/\/schema.org","@graph":[{"@type":"WebPage","@id":"https:\/\/www.novaretail.it\/en\/privacy-policy\/","url":"https:\/\/www.novaretail.it\/en\/privacy-policy\/","name":"Privacy Policy - Novaretail","isPartOf":{"@id":"https:\/\/www.novaretail.it\/#website"},"datePublished":"2021-04-18T10:41:57+00:00","dateModified":"2021-09-20T16:54:02+00:00","breadcrumb":{"@id":"https:\/\/www.novaretail.it\/en\/privacy-policy\/#breadcrumb"},"inLanguage":"en-US","potentialAction":[{"@type":"ReadAction","target":["https:\/\/www.novaretail.it\/en\/privacy-policy\/"]}]},{"@type":"BreadcrumbList","@id":"https:\/\/www.novaretail.it\/en\/privacy-policy\/#breadcrumb","itemListElement":[{"@type":"ListItem","position":1,"name":"Home","item":"https:\/\/www.novaretail.it\/"},{"@type":"ListItem","position":2,"name":"Privacy Policy"}]},{"@type":"WebSite","@id":"https:\/\/www.novaretail.it\/#website","url":"https:\/\/www.novaretail.it\/","name":"Novaretail","description":"Spazi Integrati per progetti d\u2019avanguardia","potentialAction":[{"@type":"SearchAction","target":{"@type":"EntryPoint","urlTemplate":"https:\/\/www.novaretail.it\/?s={search_term_string}"},"query-input":{"@type":"PropertyValueSpecification","valueRequired":true,"valueName":"search_term_string"}}],"inLanguage":"en-US"}]}},"_links":{"self":[{"href":"https:\/\/www.novaretail.it\/en\/wp-json\/wp\/v2\/pages\/5889","targetHints":{"allow":["GET"]}}],"collection":[{"href":"https:\/\/www.novaretail.it\/en\/wp-json\/wp\/v2\/pages"}],"about":[{"href":"https:\/\/www.novaretail.it\/en\/wp-json\/wp\/v2\/types\/page"}],"author":[{"embeddable":true,"href":"https:\/\/www.novaretail.it\/en\/wp-json\/wp\/v2\/users\/1"}],"replies":[{"embeddable":true,"href":"https:\/\/www.novaretail.it\/en\/wp-json\/wp\/v2\/comments?post=5889"}],"version-history":[{"count":3,"href":"https:\/\/www.novaretail.it\/en\/wp-json\/wp\/v2\/pages\/5889\/revisions"}],"predecessor-version":[{"id":5909,"href":"https:\/\/www.novaretail.it\/en\/wp-json\/wp\/v2\/pages\/5889\/revisions\/5909"}],"wp:attachment":[{"href":"https:\/\/www.novaretail.it\/en\/wp-json\/wp\/v2\/media?parent=5889"}],"curies":[{"name":"wp","href":"https:\/\/api.w.org\/{rel}","templated":true}]}}